{"id":12,"date":"2024-11-21T19:29:33","date_gmt":"2024-11-21T18:29:33","guid":{"rendered":"https:\/\/staging.stormheliworks.se\/?page_id=12"},"modified":"2025-10-05T00:23:01","modified_gmt":"2025-10-04T22:23:01","slug":"hem","status":"publish","type":"page","link":"https:\/\/staging.stormheliworks.se\/en\/","title":{"rendered":"Hem"},"content":{"rendered":"<div data-elementor-type=\"wp-post\" data-elementor-id=\"12\" class=\"elementor elementor-12\" data-elementor-post-type=\"page\">\n\t\t\t\t<div class=\"elementor-element elementor-element-b3b8979 e-flex e-con-boxed e-con e-parent\" data-id=\"b3b8979\" data-element_type=\"container\" data-e-type=\"container\" data-settings=\"{&quot;background_background&quot;:&quot;video&quot;,&quot;background_video_link&quot;:&quot;https:\\\/\\\/www.youtube.com\\\/watch?v=OaErOewhvWE&quot;,&quot;background_video_start&quot;:147,&quot;background_video_end&quot;:157,&quot;background_play_on_mobile&quot;:&quot;yes&quot;}\">\n\t\t\t\t\t<div class=\"e-con-inner\">\n\t\t<div class=\"elementor-background-video-container\">\n\t\t\t\t\t\t\t<div class=\"elementor-background-video-embed\" role=\"presentation\"><\/div>\n\t\t\t\t\t\t<\/div><div class=\"elementor-element elementor-element-6f5d22f e-grid e-con-full animated-slow elementor-hidden-mobile elementor-invisible e-con e-child\" data-id=\"6f5d22f\" data-element_type=\"container\" data-e-type=\"container\" data-settings=\"{&quot;animation&quot;:&quot;fadeIn&quot;}\">\n\t\t<div class=\"elementor-element elementor-element-c3f13e6 e-con-full elementor-hidden-mobile e-flex elementor-invisible e-con e-child\" data-id=\"c3f13e6\" data-element_type=\"container\" data-e-type=\"container\" data-settings=\"{&quot;background_background&quot;:&quot;classic&quot;,&quot;animation&quot;:&quot;fadeInUp&quot;}\">\n\t\t\t\t<div class=\"elementor-element elementor-element-09ebb41 elementor-invisible elementor-widget elementor-widget-image\" data-id=\"09ebb41\" data-element_type=\"widget\" data-e-type=\"widget\" data-settings=\"{&quot;_animation&quot;:&quot;fadeInLeft&quot;}\" data-widget_type=\"image.default\">\n\t\t\t\t<div class=\"elementor-widget-container\">\n\t\t\t\t\t\t\t\t\t\t\t\t\t\t\t<img fetchpriority=\"high\" decoding=\"async\" width=\"707\" height=\"749\" src=\"https:\/\/staging.stormheliworks.se\/wp-content\/uploads\/2025\/08\/arrow-cropped.png\" class=\"attachment-full size-full wp-image-7847\" alt=\"\" srcset=\"https:\/\/staging.stormheliworks.se\/wp-content\/uploads\/2025\/08\/arrow-cropped.png 707w, https:\/\/staging.stormheliworks.se\/wp-content\/uploads\/2025\/08\/arrow-cropped-283x300.png 283w, https:\/\/staging.stormheliworks.se\/wp-content\/uploads\/2025\/08\/arrow-cropped-600x636.png 600w\" sizes=\"(max-width: 707px) 100vw, 707px\" \/>\t\t\t\t\t\t\t\t\t\t\t\t\t\t\t<\/div>\n\t\t\t\t<\/div>\n\t\t\t\t<div class=\"elementor-element elementor-element-d69a106 elementor-widget elementor-widget-heading\" data-id=\"d69a106\" data-element_type=\"widget\" data-e-type=\"widget\" data-widget_type=\"heading.default\">\n\t\t\t\t<div class=\"elementor-widget-container\">\n\t\t\t\t\t<h1 class=\"elementor-heading-title elementor-size-default\"><a href=\"\/en\/lyft-och-projekt\/#lyft\">Lyft &amp; Projekt<\/a><\/h1>\t\t\t\t<\/div>\n\t\t\t\t<\/div>\n\t\t\t\t<\/div>\n\t\t<div class=\"elementor-element elementor-element-532548b e-con-full e-flex elementor-invisible e-con e-child\" data-id=\"532548b\" data-element_type=\"container\" data-e-type=\"container\" data-settings=\"{&quot;background_background&quot;:&quot;classic&quot;,&quot;animation&quot;:&quot;fadeInUp&quot;}\">\n\t\t\t\t<div class=\"elementor-element elementor-element-f12897a elementor-invisible elementor-widget elementor-widget-image\" data-id=\"f12897a\" data-element_type=\"widget\" data-e-type=\"widget\" data-settings=\"{&quot;_animation&quot;:&quot;fadeInLeft&quot;}\" data-widget_type=\"image.default\">\n\t\t\t\t<div class=\"elementor-widget-container\">\n\t\t\t\t\t\t\t\t\t\t\t\t\t\t\t<img fetchpriority=\"high\" decoding=\"async\" width=\"707\" height=\"749\" src=\"https:\/\/staging.stormheliworks.se\/wp-content\/uploads\/2025\/08\/arrow-cropped.png\" class=\"attachment-full size-full wp-image-7847\" alt=\"\" srcset=\"https:\/\/staging.stormheliworks.se\/wp-content\/uploads\/2025\/08\/arrow-cropped.png 707w, https:\/\/staging.stormheliworks.se\/wp-content\/uploads\/2025\/08\/arrow-cropped-283x300.png 283w, https:\/\/staging.stormheliworks.se\/wp-content\/uploads\/2025\/08\/arrow-cropped-600x636.png 600w\" sizes=\"(max-width: 707px) 100vw, 707px\" \/>\t\t\t\t\t\t\t\t\t\t\t\t\t\t\t<\/div>\n\t\t\t\t<\/div>\n\t\t\t\t<div class=\"elementor-element elementor-element-016349b elementor-widget elementor-widget-heading\" data-id=\"016349b\" data-element_type=\"widget\" data-e-type=\"widget\" data-widget_type=\"heading.default\">\n\t\t\t\t<div class=\"elementor-widget-container\">\n\t\t\t\t\t<h1 class=\"elementor-heading-title elementor-size-default\"><a href=\"\/en\/passagerarflyg\/\">Upplevelse &amp; Sightseeing<\/a><\/h1>\t\t\t\t<\/div>\n\t\t\t\t<\/div>\n\t\t\t\t<\/div>\n\t\t<div class=\"elementor-element elementor-element-80d324b e-con-full e-flex elementor-invisible e-con e-child\" data-id=\"80d324b\" data-element_type=\"container\" data-e-type=\"container\" data-settings=\"{&quot;background_background&quot;:&quot;classic&quot;,&quot;animation&quot;:&quot;fadeInUp&quot;}\">\n\t\t\t\t<div class=\"elementor-element elementor-element-01f8701 elementor-invisible elementor-widget elementor-widget-image\" data-id=\"01f8701\" data-element_type=\"widget\" data-e-type=\"widget\" data-settings=\"{&quot;_animation&quot;:&quot;fadeInLeft&quot;}\" data-widget_type=\"image.default\">\n\t\t\t\t<div class=\"elementor-widget-container\">\n\t\t\t\t\t\t\t\t\t\t\t\t\t\t\t<img fetchpriority=\"high\" decoding=\"async\" width=\"707\" height=\"749\" src=\"https:\/\/staging.stormheliworks.se\/wp-content\/uploads\/2025\/08\/arrow-cropped.png\" class=\"attachment-full size-full wp-image-7847\" alt=\"\" srcset=\"https:\/\/staging.stormheliworks.se\/wp-content\/uploads\/2025\/08\/arrow-cropped.png 707w, https:\/\/staging.stormheliworks.se\/wp-content\/uploads\/2025\/08\/arrow-cropped-283x300.png 283w, https:\/\/staging.stormheliworks.se\/wp-content\/uploads\/2025\/08\/arrow-cropped-600x636.png 600w\" sizes=\"(max-width: 707px) 100vw, 707px\" \/>\t\t\t\t\t\t\t\t\t\t\t\t\t\t\t<\/div>\n\t\t\t\t<\/div>\n\t\t\t\t<div class=\"elementor-element elementor-element-8b08676 elementor-widget elementor-widget-heading\" data-id=\"8b08676\" data-element_type=\"widget\" data-e-type=\"widget\" data-widget_type=\"heading.default\">\n\t\t\t\t<div class=\"elementor-widget-container\">\n\t\t\t\t\t<h2 class=\"elementor-heading-title elementor-size-default\"><a href=\"\/en\/butik\/\">Shop<\/a><\/h2>\t\t\t\t<\/div>\n\t\t\t\t<\/div>\n\t\t\t\t<\/div>\n\t\t\t\t<\/div>\n\t\t\t\t\t<\/div>\n\t\t\t\t<\/div>\n\t\t<div class=\"elementor-element elementor-element-7b1d282 elementor-hidden-desktop elementor-hidden-tablet e-flex e-con-boxed e-con e-parent\" data-id=\"7b1d282\" data-element_type=\"container\" data-e-type=\"container\" data-settings=\"{&quot;background_background&quot;:&quot;classic&quot;}\">\n\t\t\t\t\t<div class=\"e-con-inner\">\n\t\t<div class=\"elementor-element elementor-element-6d9b129 e-grid e-con-full animated-slow elementor-invisible e-con e-child\" data-id=\"6d9b129\" data-element_type=\"container\" data-e-type=\"container\" data-settings=\"{&quot;animation&quot;:&quot;fadeIn&quot;}\">\n\t\t<div class=\"elementor-element elementor-element-42cc1ea e-con-full e-flex elementor-invisible e-con e-child\" data-id=\"42cc1ea\" data-element_type=\"container\" data-e-type=\"container\" data-settings=\"{&quot;background_background&quot;:&quot;classic&quot;,&quot;animation&quot;:&quot;fadeInUp&quot;}\">\n\t\t\t\t<div class=\"elementor-element elementor-element-ce67a1c elementor-invisible elementor-widget elementor-widget-image\" data-id=\"ce67a1c\" data-element_type=\"widget\" data-e-type=\"widget\" data-settings=\"{&quot;_animation&quot;:&quot;fadeInLeft&quot;}\" data-widget_type=\"image.default\">\n\t\t\t\t<div class=\"elementor-widget-container\">\n\t\t\t\t\t\t\t\t\t\t\t\t\t\t\t<img fetchpriority=\"high\" decoding=\"async\" width=\"707\" height=\"749\" src=\"https:\/\/staging.stormheliworks.se\/wp-content\/uploads\/2025\/08\/arrow-cropped.png\" class=\"attachment-full size-full wp-image-7847\" alt=\"\" srcset=\"https:\/\/staging.stormheliworks.se\/wp-content\/uploads\/2025\/08\/arrow-cropped.png 707w, https:\/\/staging.stormheliworks.se\/wp-content\/uploads\/2025\/08\/arrow-cropped-283x300.png 283w, https:\/\/staging.stormheliworks.se\/wp-content\/uploads\/2025\/08\/arrow-cropped-600x636.png 600w\" sizes=\"(max-width: 707px) 100vw, 707px\" \/>\t\t\t\t\t\t\t\t\t\t\t\t\t\t\t<\/div>\n\t\t\t\t<\/div>\n\t\t\t\t<div class=\"elementor-element elementor-element-05bc5b1 elementor-widget elementor-widget-heading\" data-id=\"05bc5b1\" data-element_type=\"widget\" data-e-type=\"widget\" data-widget_type=\"heading.default\">\n\t\t\t\t<div class=\"elementor-widget-container\">\n\t\t\t\t\t<h1 class=\"elementor-heading-title elementor-size-default\"><a href=\"\/en\/lyft-och-projekt\/#lyft\">Lyft &amp; Projekt<\/a><\/h1>\t\t\t\t<\/div>\n\t\t\t\t<\/div>\n\t\t\t\t<\/div>\n\t\t<div class=\"elementor-element elementor-element-575a033 e-con-full e-flex elementor-invisible e-con e-child\" data-id=\"575a033\" data-element_type=\"container\" data-e-type=\"container\" data-settings=\"{&quot;background_background&quot;:&quot;classic&quot;,&quot;animation&quot;:&quot;fadeInUp&quot;}\">\n\t\t\t\t<div class=\"elementor-element elementor-element-72755c4 elementor-invisible elementor-widget elementor-widget-image\" data-id=\"72755c4\" data-element_type=\"widget\" data-e-type=\"widget\" data-settings=\"{&quot;_animation&quot;:&quot;fadeInLeft&quot;}\" data-widget_type=\"image.default\">\n\t\t\t\t<div class=\"elementor-widget-container\">\n\t\t\t\t\t\t\t\t\t\t\t\t\t\t\t<img fetchpriority=\"high\" decoding=\"async\" width=\"707\" height=\"749\" src=\"https:\/\/staging.stormheliworks.se\/wp-content\/uploads\/2025\/08\/arrow-cropped.png\" class=\"attachment-full size-full wp-image-7847\" alt=\"\" srcset=\"https:\/\/staging.stormheliworks.se\/wp-content\/uploads\/2025\/08\/arrow-cropped.png 707w, https:\/\/staging.stormheliworks.se\/wp-content\/uploads\/2025\/08\/arrow-cropped-283x300.png 283w, https:\/\/staging.stormheliworks.se\/wp-content\/uploads\/2025\/08\/arrow-cropped-600x636.png 600w\" sizes=\"(max-width: 707px) 100vw, 707px\" \/>\t\t\t\t\t\t\t\t\t\t\t\t\t\t\t<\/div>\n\t\t\t\t<\/div>\n\t\t\t\t<div class=\"elementor-element elementor-element-ffef2bb elementor-widget-mobile__width-initial elementor-widget elementor-widget-heading\" data-id=\"ffef2bb\" data-element_type=\"widget\" data-e-type=\"widget\" data-widget_type=\"heading.default\">\n\t\t\t\t<div class=\"elementor-widget-container\">\n\t\t\t\t\t<h1 class=\"elementor-heading-title elementor-size-default\"><a href=\"\/en\/passagerarflyg\/\">Upplevelse &amp; Sightseeing<\/a><\/h1>\t\t\t\t<\/div>\n\t\t\t\t<\/div>\n\t\t\t\t<\/div>\n\t\t<div class=\"elementor-element elementor-element-d8661ea e-con-full e-flex elementor-invisible e-con e-child\" data-id=\"d8661ea\" data-element_type=\"container\" data-e-type=\"container\" data-settings=\"{&quot;background_background&quot;:&quot;classic&quot;,&quot;animation&quot;:&quot;fadeInUp&quot;}\">\n\t\t\t\t<div class=\"elementor-element elementor-element-d09217e elementor-invisible elementor-widget elementor-widget-image\" data-id=\"d09217e\" data-element_type=\"widget\" data-e-type=\"widget\" data-settings=\"{&quot;_animation&quot;:&quot;fadeInLeft&quot;}\" data-widget_type=\"image.default\">\n\t\t\t\t<div class=\"elementor-widget-container\">\n\t\t\t\t\t\t\t\t\t\t\t\t\t\t\t<img fetchpriority=\"high\" decoding=\"async\" width=\"707\" height=\"749\" src=\"https:\/\/staging.stormheliworks.se\/wp-content\/uploads\/2025\/08\/arrow-cropped.png\" class=\"attachment-full size-full wp-image-7847\" alt=\"\" srcset=\"https:\/\/staging.stormheliworks.se\/wp-content\/uploads\/2025\/08\/arrow-cropped.png 707w, https:\/\/staging.stormheliworks.se\/wp-content\/uploads\/2025\/08\/arrow-cropped-283x300.png 283w, https:\/\/staging.stormheliworks.se\/wp-content\/uploads\/2025\/08\/arrow-cropped-600x636.png 600w\" sizes=\"(max-width: 707px) 100vw, 707px\" \/>\t\t\t\t\t\t\t\t\t\t\t\t\t\t\t<\/div>\n\t\t\t\t<\/div>\n\t\t\t\t<div class=\"elementor-element elementor-element-d9da13a elementor-widget elementor-widget-heading\" data-id=\"d9da13a\" data-element_type=\"widget\" data-e-type=\"widget\" data-widget_type=\"heading.default\">\n\t\t\t\t<div class=\"elementor-widget-container\">\n\t\t\t\t\t<h2 class=\"elementor-heading-title elementor-size-default\"><a href=\"\/en\/butik\/\">Shop<\/a><\/h2>\t\t\t\t<\/div>\n\t\t\t\t<\/div>\n\t\t\t\t<\/div>\n\t\t\t\t<\/div>\n\t\t\t\t\t<\/div>\n\t\t\t\t<\/div>\n\t\t<div class=\"elementor-element elementor-element-96f3c80 elementor-hidden-desktop elementor-hidden-tablet elementor-hidden-mobile e-flex e-con-boxed e-con e-parent\" data-id=\"96f3c80\" data-element_type=\"container\" data-e-type=\"container\" data-settings=\"{&quot;background_background&quot;:&quot;classic&quot;,&quot;animation&quot;:&quot;none&quot;}\">\n\t\t\t\t\t<div class=\"e-con-inner\">\n\t\t<div class=\"elementor-element elementor-element-7da7bd9 e-con-full e-flex elementor-invisible e-con e-child\" data-id=\"7da7bd9\" data-element_type=\"container\" data-e-type=\"container\" data-settings=\"{&quot;background_background&quot;:&quot;classic&quot;,&quot;animation&quot;:&quot;fadeInUp&quot;}\">\n\t\t\t\t<div class=\"elementor-element elementor-element-623e131 elementor-widget elementor-widget-heading\" data-id=\"623e131\" data-element_type=\"widget\" data-e-type=\"widget\" data-widget_type=\"heading.default\">\n\t\t\t\t<div class=\"elementor-widget-container\">\n\t\t\t\t\t<h2 class=\"elementor-heading-title elementor-size-default\"><a href=\"\/en\/lyft-och-projekt\/#lyft\">Lyft &amp; Projekt<\/a><\/h2>\t\t\t\t<\/div>\n\t\t\t\t<\/div>\n\t\t\t\t<\/div>\n\t\t<div class=\"elementor-element elementor-element-bf5ac74 e-con-full e-flex e-con e-child\" data-id=\"bf5ac74\" data-element_type=\"container\" data-e-type=\"container\">\n\t\t<div class=\"elementor-element elementor-element-645acf3 e-con-full e-flex elementor-invisible e-con e-child\" data-id=\"645acf3\" data-element_type=\"container\" data-e-type=\"container\" data-settings=\"{&quot;background_background&quot;:&quot;classic&quot;,&quot;animation&quot;:&quot;fadeInUp&quot;}\">\n\t\t\t\t<div class=\"elementor-element elementor-element-3b164b0 elementor-widget elementor-widget-heading\" data-id=\"3b164b0\" data-element_type=\"widget\" data-e-type=\"widget\" data-widget_type=\"heading.default\">\n\t\t\t\t<div class=\"elementor-widget-container\">\n\t\t\t\t\t<h2 class=\"elementor-heading-title elementor-size-default\"><a href=\"\/en\/lyft-och-projekt\/#skog\">Bek\u00e4mpning<\/a><\/h2>\t\t\t\t<\/div>\n\t\t\t\t<\/div>\n\t\t\t\t<\/div>\n\t\t<div class=\"elementor-element elementor-element-7501b19 e-con-full e-flex elementor-invisible e-con e-child\" data-id=\"7501b19\" data-element_type=\"container\" data-e-type=\"container\" data-settings=\"{&quot;background_background&quot;:&quot;classic&quot;,&quot;animation&quot;:&quot;fadeInUp&quot;}\">\n\t\t\t\t<div class=\"elementor-element elementor-element-4229dbc elementor-widget elementor-widget-heading\" data-id=\"4229dbc\" data-element_type=\"widget\" data-e-type=\"widget\" data-widget_type=\"heading.default\">\n\t\t\t\t<div class=\"elementor-widget-container\">\n\t\t\t\t\t<h2 class=\"elementor-heading-title elementor-size-default\"><a href=\"\/en\/passagerarflyg\/\">Upplevelse &amp; Sightseeing<\/a><\/h2>\t\t\t\t<\/div>\n\t\t\t\t<\/div>\n\t\t\t\t<\/div>\n\t\t\t\t<\/div>\n\t\t\t\t\t<\/div>\n\t\t\t\t<\/div>\n\t\t<div class=\"elementor-element elementor-element-8516c1c elementor-hidden-desktop elementor-hidden-tablet elementor-hidden-mobile e-flex e-con-boxed e-con e-parent\" data-id=\"8516c1c\" data-element_type=\"container\" data-e-type=\"container\" data-settings=\"{&quot;background_background&quot;:&quot;classic&quot;}\">\n\t\t\t\t\t<div class=\"e-con-inner\">\n\t\t<div class=\"elementor-element elementor-element-1fb2198 e-con-full e-flex e-con e-child\" data-id=\"1fb2198\" data-element_type=\"container\" data-e-type=\"container\">\n\t\t\t\t<div class=\"elementor-element elementor-element-7e46bb8 elementor-invisible elementor-widget elementor-widget-heading\" data-id=\"7e46bb8\" data-element_type=\"widget\" data-e-type=\"widget\" data-settings=\"{&quot;_animation&quot;:&quot;fadeInLeft&quot;}\" data-widget_type=\"heading.default\">\n\t\t\t\t<div class=\"elementor-widget-container\">\n\t\t\t\t\t<h2 class=\"elementor-heading-title elementor-size-default\">Med trygghet i varje uppdrag<\/h2>\t\t\t\t<\/div>\n\t\t\t\t<\/div>\n\t\t\t\t<div class=\"elementor-element elementor-element-cbfcefe elementor-widget__width-initial elementor-widget-divider--view-line elementor-invisible elementor-widget elementor-widget-divider\" data-id=\"cbfcefe\" data-element_type=\"widget\" data-e-type=\"widget\" data-settings=\"{&quot;_animation&quot;:&quot;fadeInLeft&quot;}\" data-widget_type=\"divider.default\">\n\t\t\t\t<div class=\"elementor-widget-container\">\n\t\t\t\t\t\t\t<div class=\"elementor-divider\">\n\t\t\t<span class=\"elementor-divider-separator\">\n\t\t\t\t\t\t<\/span>\n\t\t<\/div>\n\t\t\t\t\t\t<\/div>\n\t\t\t\t<\/div>\n\t\t\t\t<div class=\"elementor-element elementor-element-4a1ebc0 elementor-invisible elementor-widget elementor-widget-text-editor\" data-id=\"4a1ebc0\" data-element_type=\"widget\" data-e-type=\"widget\" data-settings=\"{&quot;_animation&quot;:&quot;fadeInUp&quot;}\" data-widget_type=\"text-editor.default\">\n\t\t\t\t<div class=\"elementor-widget-container\">\n\t\t\t\t\t\t\t\t\t<p>Storm Heliworks AB \u00e4r ett svenskt helikopterf\u00f6retag med baser i \u00d6stersund, G\u00f6teborg och Sk\u00e5ne.\u00a0<span style=\"color: var( --e-global-color-text );\">Vi erbjuder helikoptertj\u00e4nster f\u00f6r olika behov, inklusive passagerarflyg, transport, lyft och specialiserade uppdrag.<\/span><\/p><p>Med l\u00e5ng erfarenhet av att st\u00f6dja nordiska kraftbolag, utf\u00f6r vi bland annat linjeinspektioner, ov\u00e4dersinventeringar och st\u00f6rningsfels\u00f6kningar.<\/p><p>V\u00e5ra piloter \u00e4r utbildade enligt EBR-standarden och har omfattande erfarenhet av inspektionsflygning vid kraftledningar.\u00a0<span style=\"color: var( --e-global-color-text );\">Storm Heliworks AB anv\u00e4nder CE-m\u00e4rkt och typgodk\u00e4nd utrustning f\u00f6r helikopteranv\u00e4ndning, godk\u00e4nd av b\u00e5de Transportstyrelsen och det Europeiska flygs\u00e4kerhetsorganet EASA.<\/span><\/p>\t\t\t\t\t\t\t\t<\/div>\n\t\t\t\t<\/div>\n\t\t\t\t<div class=\"elementor-element elementor-element-7be59ac elementor-align-left elementor-widget__width-initial elementor-widget elementor-widget-button\" data-id=\"7be59ac\" data-element_type=\"widget\" data-e-type=\"widget\" data-widget_type=\"button.default\">\n\t\t\t\t<div class=\"elementor-widget-container\">\n\t\t\t\t\t\t\t\t\t<div class=\"elementor-button-wrapper\">\n\t\t\t\t\t<a class=\"elementor-button elementor-button-link elementor-size-sm\" href=\"\/en\/kontakt\/\">\n\t\t\t\t\t\t<span class=\"elementor-button-content-wrapper\">\n\t\t\t\t\t\t\t\t\t<span class=\"elementor-button-text\">Kontakta oss f\u00f6r offert<\/span>\n\t\t\t\t\t<\/span>\n\t\t\t\t\t<\/a>\n\t\t\t\t<\/div>\n\t\t\t\t\t\t\t\t<\/div>\n\t\t\t\t<\/div>\n\t\t\t\t<\/div>\n\t\t<div class=\"elementor-element elementor-element-8d1d202 e-con-full e-flex elementor-invisible e-con e-child\" data-id=\"8d1d202\" data-element_type=\"container\" data-e-type=\"container\" data-settings=\"{&quot;background_background&quot;:&quot;classic&quot;,&quot;animation&quot;:&quot;fadeInUp&quot;}\">\n\t\t\t\t<\/div>\n\t\t\t\t\t<\/div>\n\t\t\t\t<\/div>\n\t\t<div class=\"elementor-element elementor-element-fa9e33c elementor-hidden-desktop elementor-hidden-tablet elementor-hidden-mobile e-flex e-con-boxed e-con e-parent\" data-id=\"fa9e33c\" data-element_type=\"container\" data-e-type=\"container\" data-settings=\"{&quot;background_background&quot;:&quot;classic&quot;}\">\n\t\t\t\t\t<div class=\"e-con-inner\">\n\t\t<div class=\"elementor-element elementor-element-8079c46 e-con-full e-flex e-con e-child\" data-id=\"8079c46\" data-element_type=\"container\" data-e-type=\"container\">\n\t\t\t\t<div class=\"elementor-element elementor-element-d999764 elementor-invisible elementor-widget elementor-widget-heading\" data-id=\"d999764\" data-element_type=\"widget\" data-e-type=\"widget\" data-settings=\"{&quot;_animation&quot;:&quot;fadeInLeft&quot;}\" data-widget_type=\"heading.default\">\n\t\t\t\t<div class=\"elementor-widget-container\">\n\t\t\t\t\t<h2 class=\"elementor-heading-title elementor-size-default\">Fr\u00e5gor?<\/h2>\t\t\t\t<\/div>\n\t\t\t\t<\/div>\n\t\t\t\t<div class=\"elementor-element elementor-element-709b979 elementor-invisible elementor-widget elementor-widget-text-editor\" data-id=\"709b979\" data-element_type=\"widget\" data-e-type=\"widget\" data-settings=\"{&quot;_animation&quot;:&quot;fadeInUp&quot;}\" data-widget_type=\"text-editor.default\">\n\t\t\t\t<div class=\"elementor-widget-container\">\n\t\t\t\t\t\t\t\t\t<p>Vi \u00e4r redo f\u00f6r uppdrag i alla dimensioner<\/p>\t\t\t\t\t\t\t\t<\/div>\n\t\t\t\t<\/div>\n\t\t\t\t<\/div>\n\t\t<div class=\"elementor-element elementor-element-b751059 e-con-full e-flex e-con e-child\" data-id=\"b751059\" data-element_type=\"container\" data-e-type=\"container\">\n\t\t\t\t<\/div>\n\t\t\t\t\t<\/div>\n\t\t\t\t<\/div>\n\t\t\t\t<\/div>","protected":false},"excerpt":{"rendered":"<p>Lyft &amp; Projekt Upplevelse &amp; Sightseeing Shop Lyft &amp; Projekt Upplevelse &amp; Sightseeing Shop Lyft &amp; Projekt Bek\u00e4mpning Upplevelse &amp; Sightseeing Med trygghet i varje uppdrag Storm Heliworks AB \u00e4r ett svenskt helikopterf\u00f6retag med baser i \u00d6stersund, G\u00f6teborg och Sk\u00e5ne.\u00a0Vi erbjuder helikoptertj\u00e4nster f\u00f6r olika behov, inklusive passagerarflyg, transport, lyft och specialiserade uppdrag. Med l\u00e5ng erfarenhet [&hellip;]<\/p>\n","protected":false},"author":1,"featured_media":6,"parent":0,"menu_order":0,"comment_status":"closed","ping_status":"closed","template":"","meta":{"footnotes":""},"class_list":["post-12","page","type-page","status-publish","has-post-thumbnail","hentry"],"_links":{"self":[{"href":"https:\/\/staging.stormheliworks.se\/en\/wp-json\/wp\/v2\/pages\/12","targetHints":{"allow":["GET"]}}],"collection":[{"href":"https:\/\/staging.stormheliworks.se\/en\/wp-json\/wp\/v2\/pages"}],"about":[{"href":"https:\/\/staging.stormheliworks.se\/en\/wp-json\/wp\/v2\/types\/page"}],"author":[{"embeddable":true,"href":"https:\/\/staging.stormheliworks.se\/en\/wp-json\/wp\/v2\/users\/1"}],"replies":[{"embeddable":true,"href":"https:\/\/staging.stormheliworks.se\/en\/wp-json\/wp\/v2\/comments?post=12"}],"version-history":[{"count":128,"href":"https:\/\/staging.stormheliworks.se\/en\/wp-json\/wp\/v2\/pages\/12\/revisions"}],"predecessor-version":[{"id":8839,"href":"https:\/\/staging.stormheliworks.se\/en\/wp-json\/wp\/v2\/pages\/12\/revisions\/8839"}],"wp:featuredmedia":[{"embeddable":true,"href":"https:\/\/staging.stormheliworks.se\/en\/wp-json\/wp\/v2\/media\/6"}],"wp:attachment":[{"href":"https:\/\/staging.stormheliworks.se\/en\/wp-json\/wp\/v2\/media?parent=12"}],"curies":[{"name":"wp","href":"https:\/\/api.w.org\/{rel}","templated":true}]}}